{"id":15,"date":"2025-08-16T20:39:39","date_gmt":"2025-08-16T20:39:39","guid":{"rendered":"https:\/\/www.polkkana.fi\/?page_id=15"},"modified":"2025-08-20T08:16:06","modified_gmt":"2025-08-20T08:16:06","slug":"welcome","status":"publish","type":"page","link":"https:\/\/www.polkkana.fi\/","title":{"rendered":"Polkkana"},"content":{"rendered":"\n<p>H\u00e4stunderst\u00f6dd verksamhet i Pargas \u2013 En v\u00e4g till v\u00e4lbefinnande<\/p>\n\n\n\n<p><strong>Socialpedagogisk h\u00e4stverksamhet<\/strong>&nbsp;\u00e4r en unik och effektiv metod som anv\u00e4nder interaktion med h\u00e4star f\u00f6r att st\u00f6tta psykiska, sociala och neurologiska utmaningar. Det \u00e4r ett rehabiliterande och terapeutiskt arbete som fokuserar p\u00e5 att fr\u00e4mja \u00e5terh\u00e4mtning och personlig utveckling.<\/p>\n\n\n\n<h3 class=\"wp-block-heading\">Vem kan dra nytta av det?<\/h3>\n\n\n\n<p>V\u00e5r&nbsp;<strong>h\u00e4stunderst\u00f6dda verksamhet<\/strong>&nbsp;v\u00e4nder sig till ett brett spektrum av individer, grupper och familjer. Metoden passar dig som vill hantera:<\/p>\n\n\n\n<ul class=\"wp-block-list\">\n<li><strong>Psykisk oh\u00e4lsa, stress eller utmattning<\/strong><\/li>\n\n\n\n<li><strong>Utmaningar med anknytning och tillit<\/strong><\/li>\n\n\n\n<li><strong>Neuropsykiatriska funktionsneds\u00e4ttningar<\/strong><\/li>\n\n\n\n<li><strong>L\u00e5g sj\u00e4lvk\u00e4nsla eller har utsatts f\u00f6r mobbning<\/strong><\/li>\n<\/ul>\n\n\n\n<h3 class=\"wp-block-heading\">Varf\u00f6r just h\u00e4star?<\/h3>\n\n\n\n<p>H\u00e4star \u00e4r sociala, icke-d\u00f6mande djur som ger omedelbar och genuin feedback. Deras n\u00e4rvaro kan minska \u00e5ngest och stress samtidigt som de st\u00e4rker sj\u00e4lvk\u00e4nslan. I m\u00f6tet med en h\u00e4st f\u00e5r du m\u00f6jlighet att \u00f6va p\u00e5 sociala f\u00e4rdigheter, bygga f\u00f6rtroende och utveckla en k\u00e4nsla av ansvar. Allt detta med en morot i taget. Arbetet \u00e4r funktionellt och sker i en lugn och inbjudande stallmilj\u00f6.<\/p>\n\n\n\n<h3 class=\"wp-block-heading\">Vad ing\u00e5r?<\/h3>\n\n\n\n<p>Verksamheten anpassas efter dina individuella behov och m\u00e5l. Det \u00e4r inte traditionell ridterapi eller ridlektioner. Ist\u00e4llet ligger fokus p\u00e5 praktiska aktiviteter som:<\/p>\n\n\n\n<ul class=\"wp-block-list\">\n<li><strong>Hantering och sk\u00f6tsel av h\u00e4sten<\/strong><\/li>\n\n\n\n<li><strong>Mark\u00f6vningar och ledarskapstr\u00e4ning<\/strong><\/li>\n\n\n\n<li><strong>Sociala aktiviteter i stallet<\/strong><\/li>\n<\/ul>\n\n\n\n<p>Ingen tidigare erfarenhet av h\u00e4star kr\u00e4vs. V\u00e5r verksamhet leds av Julia Nylund, en utbildad socionom, neuropsykiatrisk coach och rehabiliteringspedagog med specialisering inom <strong>socialpedagogisk h\u00e4stverksamhet<\/strong>.<\/p>\n\n\n\n<p>Varmt v\u00e4lkommen att utforska hur v\u00e5r verksamhet kan hj\u00e4lpa dig!<\/p>\n\n\n\n<p><\/p>\n\n\n\n<h1 class=\"wp-block-heading has-text-align-center\" id=\"kontakt\">Kontakt<\/h1>\n\n\n\n<p>Julia Nylund <\/p>\n\n\n\n<p>045 8855777<\/p>\n\n\n\n<p><a href=\"mailto:julia@polkkana.fi\">julia@polkkana.fi<\/a><\/p>\n\n\n\n<p><a href=\"https:\/\/maps.app.goo.gl\/WCQvFRqkrqk9MHiX6\" data-type=\"link\" data-id=\"https:\/\/maps.app.goo.gl\/exxZ7DagJWKzgKpX7\">Bockabergsv\u00e4gen 63<\/a> (Sk\u00e4rg\u00e5rdsstallet), Pargas<\/p>\n\n\n\n<figure class=\"wp-block-image size-large is-resized\"><img loading=\"lazy\" decoding=\"async\" width=\"1024\" height=\"1024\" src=\"http:\/\/www.polkkana.fi\/wp-content\/uploads\/2025\/08\/Julia-och-polkka-1024x1024.jpg\" alt=\"\" class=\"wp-image-55\" style=\"width:333px;height:auto\" srcset=\"https:\/\/www.polkkana.fi\/wp-content\/uploads\/2025\/08\/Julia-och-polkka-1024x1024.jpg 1024w, https:\/\/www.polkkana.fi\/wp-content\/uploads\/2025\/08\/Julia-och-polkka-300x300.jpg 300w, https:\/\/www.polkkana.fi\/wp-content\/uploads\/2025\/08\/Julia-och-polkka-150x150.jpg 150w, https:\/\/www.polkkana.fi\/wp-content\/uploads\/2025\/08\/Julia-och-polkka-768x768.jpg 768w, https:\/\/www.polkkana.fi\/wp-content\/uploads\/2025\/08\/Julia-och-polkka-1536x1536.jpg 1536w, https:\/\/www.polkkana.fi\/wp-content\/uploads\/2025\/08\/Julia-och-polkka.jpg 2048w\" sizes=\"auto, (max-width: 1024px) 100vw, 1024px\" \/><\/figure>\n\n\n\n<p><\/p>\n\n\n\n<p><\/p>\n","protected":false},"excerpt":{"rendered":"<p>H\u00e4stunderst\u00f6dd verksamhet i Pargas \u2013 En v\u00e4g till v\u00e4lbefinnande Socialpedagogisk h\u00e4stverksamhet&nbsp;\u00e4r en unik och effektiv metod som anv\u00e4nder interaktion med h\u00e4star f\u00f6r att st\u00f6tta psykiska, sociala och neurologiska utmaningar. Det \u00e4r ett rehabiliterande och terapeutiskt arbete som fokuserar p\u00e5 att fr\u00e4mja \u00e5terh\u00e4mtning och personlig utveckling. Vem kan dra nytta av det? V\u00e5r&nbsp;h\u00e4stunderst\u00f6dda verksamhet&nbsp;v\u00e4nder sig till [&hellip;]<\/p>\n","protected":false},"author":1,"featured_media":0,"parent":0,"menu_order":0,"comment_status":"closed","ping_status":"closed","template":"","meta":{"footnotes":""},"class_list":["post-15","page","type-page","status-publish","hentry"],"_links":{"self":[{"href":"https:\/\/www.polkkana.fi\/index.php?rest_route=\/wp\/v2\/pages\/15","targetHints":{"allow":["GET"]}}],"collection":[{"href":"https:\/\/www.polkkana.fi\/index.php?rest_route=\/wp\/v2\/pages"}],"about":[{"href":"https:\/\/www.polkkana.fi\/index.php?rest_route=\/wp\/v2\/types\/page"}],"author":[{"embeddable":true,"href":"https:\/\/www.polkkana.fi\/index.php?rest_route=\/wp\/v2\/users\/1"}],"replies":[{"embeddable":true,"href":"https:\/\/www.polkkana.fi\/index.php?rest_route=%2Fwp%2Fv2%2Fcomments&post=15"}],"version-history":[{"count":8,"href":"https:\/\/www.polkkana.fi\/index.php?rest_route=\/wp\/v2\/pages\/15\/revisions"}],"predecessor-version":[{"id":57,"href":"https:\/\/www.polkkana.fi\/index.php?rest_route=\/wp\/v2\/pages\/15\/revisions\/57"}],"wp:attachment":[{"href":"https:\/\/www.polkkana.fi\/index.php?rest_route=%2Fwp%2Fv2%2Fmedia&parent=15"}],"curies":[{"name":"wp","href":"https:\/\/api.w.org\/{rel}","templated":true}]}}